{"id":67275,"date":"2017-11-17T12:04:32","date_gmt":"2017-11-17T11:04:32","guid":{"rendered":"https:\/\/nuss.de\/about-us\/"},"modified":"2024-03-04T15:26:23","modified_gmt":"2024-03-04T14:26:23","slug":"about-us","status":"publish","type":"page","link":"https:\/\/nuss.de\/en\/about-us\/","title":{"rendered":"About us"},"content":{"rendered":"<div class=\"wpb-content-wrapper\"><p>[vc_row row_height_percent=&#8221;0&#8243; override_padding=&#8221;yes&#8221; h_padding=&#8221;3&#8243; top_padding=&#8221;2&#8243; bottom_padding=&#8221;4&#8243; overlay_alpha=&#8221;50&#8243; gutter_size=&#8221;3&#8243; column_width_use_pixel=&#8221;yes&#8221; shift_y=&#8221;0&#8243; z_index=&#8221;2&#8243;][vc_column column_width_percent=&#8221;100&#8243; align_horizontal=&#8221;align_center&#8221; gutter_size=&#8221;3&#8243; override_padding=&#8221;yes&#8221; column_padding=&#8221;3&#8243; style=&#8221;dark&#8221; back_color=&#8221;accent&#8221; overlay_alpha=&#8221;50&#8243; shift_x=&#8221;0&#8243; shift_y=&#8221;-5&#8243; shift_y_fixed=&#8221;yes&#8221; shift_y_down=&#8221;0&#8243; z_index=&#8221;0&#8243; medium_width=&#8221;0&#8243; mobile_width=&#8221;0&#8243; radius=&#8221;std&#8221; shadow=&#8221;std&#8221; width=&#8221;1\/1&#8243; el_class=&#8221;mobile-intro-offset&#8221;][vc_custom_heading text_font=&#8221;font-970391&#8243; text_size=&#8221;fontsize-160000&#8243; text_transform=&#8221;uppercase&#8221; text_space=&#8221;fontspace-135905&#8243;]Why NUSS?[\/vc_custom_heading][vc_row_inner row_inner_height_percent=&#8221;0&#8243; overlay_alpha=&#8221;50&#8243; gutter_size=&#8221;3&#8243; shift_y=&#8221;0&#8243;][vc_column_inner column_width_percent=&#8221;100&#8243; align_horizontal=&#8221;align_right&#8221; gutter_size=&#8221;3&#8243; style=&#8221;dark&#8221; overlay_alpha=&#8221;50&#8243; shift_x=&#8221;0&#8243; shift_y=&#8221;0&#8243; shift_y_down=&#8221;0&#8243; z_index=&#8221;0&#8243; align_medium=&#8221;align_center_tablet&#8221; medium_width=&#8221;0&#8243; align_mobile=&#8221;align_center_mobile&#8221; mobile_width=&#8221;0&#8243; width=&#8221;1\/2&#8243;][vc_custom_heading heading_semantic=&#8221;h1&#8243; text_font=&#8221;font-762333&#8243; text_size=&#8221;fontsize-155944&#8243; text_weight=&#8221;700&#8243; text_space=&#8221;fontspace-111509&#8243; sub_lead=&#8221;yes&#8221;]Responsibility &amp; reliability has been a hallmark of NUSS for generations[\/vc_custom_heading][\/vc_column_inner][vc_column_inner column_width_percent=&#8221;100&#8243; gutter_size=&#8221;3&#8243; style=&#8221;dark&#8221; overlay_alpha=&#8221;50&#8243; shift_x=&#8221;0&#8243; shift_y=&#8221;0&#8243; shift_y_down=&#8221;0&#8243; z_index=&#8221;0&#8243; align_medium=&#8221;align_center_tablet&#8221; medium_width=&#8221;0&#8243; align_mobile=&#8221;align_center_mobile&#8221; mobile_width=&#8221;0&#8243; width=&#8221;1\/2&#8243; css=&#8221;.vc_custom_1519313310798{padding-top: 1em !important;}&#8221;][vc_custom_heading heading_semantic=&#8221;h3&#8243; text_font=&#8221;font-134980&#8243; text_size=&#8221;h3&#8243; text_weight=&#8221;400&#8243; text_height=&#8221;fontheight-357766&#8243; sub_lead=&#8221;yes&#8221;]<br \/>\nIf you are looking for a logistics partner on whom you can absolutely rely, who develops and implements competent and safe solutions for your requirements, then you have come to the right place. Yesterday and today.<br \/>\n[\/vc_custom_heading][vc_separator sep_color=&#8221;,Default&#8221;][\/vc_column_inner][\/vc_row_inner][\/vc_column][\/vc_row][vc_row unlock_row_content=&#8221;yes&#8221; row_height_percent=&#8221;0&#8243; override_padding=&#8221;yes&#8221; h_padding=&#8221;2&#8243; top_padding=&#8221;5&#8243; bottom_padding=&#8221;5&#8243; overlay_alpha=&#8221;90&#8243; gutter_size=&#8221;100&#8243; column_width_percent=&#8221;100&#8243; shift_y=&#8221;0&#8243; z_index=&#8221;0&#8243; style=&#8221;inherited&#8221;][vc_column column_width_percent=&#8221;100&#8243; align_horizontal=&#8221;align_center&#8221; gutter_size=&#8221;4&#8243; style=&#8221;light&#8221; overlay_alpha=&#8221;100&#8243; shift_x=&#8221;0&#8243; shift_y=&#8221;0&#8243; shift_y_down=&#8221;0&#8243; z_index=&#8221;0&#8243; medium_width=&#8221;0&#8243; mobile_width=&#8221;0&#8243; zoom_width=&#8221;0&#8243; zoom_height=&#8221;0&#8243; width=&#8221;1\/1&#8243;][vc_custom_heading heading_semantic=&#8221;h3&#8243; text_font=&#8221;font-970391&#8243; text_size=&#8221;fontsize-160000&#8243; text_weight=&#8221;600&#8243; text_transform=&#8221;uppercase&#8221; text_space=&#8221;fontspace-210350&#8243; sub_reduced=&#8221;yes&#8221; uncode_shortcode_id=&#8221;604782&#8243;]successful on the market since 1934[\/vc_custom_heading][vc_raw_html]W3RpbWVsaW5lIHNyYz0iaHR0cHM6Ly9udXNzLmRlL3dwLWNvbnRlbnQvdXBsb2Fkcy9udXNzX3RpbWVsaW5lX2VuLmpzb24iIHdpZHRoPSIxMDAlIiBoZWlnaHQ9IjY1MCIgZm9udD0iT3BlblNhbnMtR2VudGl1bUJvb2siIGxhbmc9ImVuIiBpbml0aWFsX3pvb209IjEiIHZlcnNpb249InRpbWVsaW5lMyIgXQ==[\/vc_raw_html][\/vc_column][\/vc_row][vc_row row_height_percent=&#8221;0&#8243; override_padding=&#8221;yes&#8221; h_padding=&#8221;2&#8243; top_padding=&#8221;5&#8243; bottom_padding=&#8221;5&#8243; overlay_alpha=&#8221;90&#8243; gutter_size=&#8221;100&#8243; column_width_percent=&#8221;100&#8243; shift_y=&#8221;0&#8243; z_index=&#8221;0&#8243; style=&#8221;inherited&#8221;][vc_column column_width_percent=&#8221;100&#8243; align_horizontal=&#8221;align_center&#8221; gutter_size=&#8221;4&#8243; style=&#8221;light&#8221; overlay_alpha=&#8221;100&#8243; shift_x=&#8221;0&#8243; shift_y=&#8221;0&#8243; shift_y_down=&#8221;0&#8243; z_index=&#8221;0&#8243; medium_width=&#8221;0&#8243; mobile_width=&#8221;0&#8243; zoom_width=&#8221;0&#8243; zoom_height=&#8221;0&#8243; width=&#8221;1\/1&#8243;][vc_custom_heading heading_semantic=&#8221;h3&#8243; text_font=&#8221;font-970391&#8243; text_size=&#8221;fontsize-160000&#8243; text_weight=&#8221;600&#8243; text_transform=&#8221;uppercase&#8221; text_space=&#8221;fontspace-210350&#8243; sub_reduced=&#8221;yes&#8221;]<span data-sheets-value=\"{&quot;1&quot;:2,&quot;2&quot;:&quot;Management&quot;}\" data-sheets-userformat=\"{&quot;2&quot;:768,&quot;11&quot;:4,&quot;12&quot;:0}\">Management<\/span>[\/vc_custom_heading][vc_row_inner row_inner_height_percent=&#8221;0&#8243; overlay_alpha=&#8221;100&#8243; gutter_size=&#8221;3&#8243; shift_y=&#8221;0&#8243; z_index=&#8221;0&#8243;][vc_column_inner column_width_percent=&#8221;100&#8243; align_horizontal=&#8221;align_center&#8221; gutter_size=&#8221;3&#8243; style=&#8221;light&#8221; overlay_alpha=&#8221;100&#8243; shift_x=&#8221;0&#8243; shift_y=&#8221;0&#8243; shift_y_down=&#8221;0&#8243; z_index=&#8221;0&#8243; medium_width=&#8221;4&#8243; mobile_width=&#8221;0&#8243; zoom_width=&#8221;0&#8243; zoom_height=&#8221;0&#8243; width=&#8221;1\/4&#8243;][vc_icon icon_image=&#8221;67766&#8243; icon_color=&#8221;color-xsdn&#8221; text_size=&#8221;h4&#8243; text_space=&#8221;fontspace-111509&#8243; text_reduced=&#8221;yes&#8221; css_animation=&#8221;bottom-t-top&#8221; animation_delay=&#8221;200&#8243; align=&#8221;left&#8221; title=&#8221;G\u00fcnter Nuss&#8221; uncode_shortcode_id=&#8221;110573&#8243; icon_color_type=&#8221;uncode-palette&#8221;]Telefon <a href=\"tel:+4972719486100\"> +49 (0) 7271 \/ 94 86 100 <\/a><br \/>\nEmail g.nuss@nuss.de<\/p>\n<p><strong>Gesch\u00e4ftsf\u00fchrender Gesellschafter<br \/>\n<\/strong><\/p>\n<p>AVN Autovermietung NUSS GmbH<\/p>\n<p>&nbsp;<\/p>\n<p>[\/vc_icon][\/vc_column_inner][vc_column_inner column_width_percent=&#8221;100&#8243; align_horizontal=&#8221;align_center&#8221; gutter_size=&#8221;3&#8243; style=&#8221;light&#8221; overlay_alpha=&#8221;100&#8243; shift_x=&#8221;0&#8243; shift_y=&#8221;0&#8243; shift_y_down=&#8221;0&#8243; z_index=&#8221;0&#8243; medium_width=&#8221;4&#8243; mobile_width=&#8221;0&#8243; zoom_width=&#8221;0&#8243; zoom_height=&#8221;0&#8243; width=&#8221;1\/4&#8243;][vc_icon icon_image=&#8221;67764&#8243; icon_color=&#8221;color-xsdn&#8221; text_size=&#8221;h4&#8243; text_space=&#8221;fontspace-111509&#8243; text_reduced=&#8221;yes&#8221; css_animation=&#8221;bottom-t-top&#8221; animation_delay=&#8221;200&#8243; align=&#8221;left&#8221; title=&#8221;Volker Nuss&#8221; link=&#8221;|||&#8221; uncode_shortcode_id=&#8221;198528&#8243; icon_color_type=&#8221;uncode-palette&#8221;]Telefon <a href=\"tel:&quot;+4972719486100&quot;\"> +49 (0) 7271 \/ 94 86 100<br \/>\n<\/a>E-Mail <a href=\"mailto:v.nuss@nuss.de\"> v.nuss@nuss.de<\/a><\/p>\n<p><strong>Gesch\u00e4ftsf\u00fchrender Gesellschafter<br \/>\n<\/strong><\/p>\n<p>Spedition NUSS GmbH<br \/>\nLogistik Center NUSS GmbH<br \/>\nAVN Autovermietung NUSS GmbH<\/p>\n<p>[\/vc_icon][\/vc_column_inner][vc_column_inner column_width_percent=&#8221;100&#8243; align_horizontal=&#8221;align_center&#8221; gutter_size=&#8221;3&#8243; overlay_alpha=&#8221;50&#8243; border_color=&#8221;accent&#8221; border_style=&#8221;solid&#8221; shift_x=&#8221;0&#8243; shift_y=&#8221;0&#8243; shift_y_down=&#8221;0&#8243; z_index=&#8221;0&#8243; medium_width=&#8221;4&#8243; mobile_width=&#8221;0&#8243; width=&#8221;1\/4&#8243; css=&#8221;.vc_custom_1522067404967{border-bottom-width: 0px !important;}&#8221;][vc_icon icon_image=&#8221;67762&#8243; icon_color=&#8221;color-xsdn&#8221; text_size=&#8221;h4&#8243; text_space=&#8221;fontspace-111509&#8243; text_reduced=&#8221;yes&#8221; css_animation=&#8221;bottom-t-top&#8221; animation_delay=&#8221;400&#8243; align=&#8221;left&#8221; title=&#8221;Alexander Ditz&#8221; uncode_shortcode_id=&#8221;207768&#8243; icon_color_type=&#8221;uncode-palette&#8221;]Telefon <a href=\"tel:+4972719486410\"> +49 (0) 7271 \/ 94 86 410 <\/a><br \/>\nE-Mail <a href=\"mailto:a.ditz@nuss.de\">a.ditz@nuss.de<\/a><\/p>\n<p><strong>Gesch\u00e4ftsf\u00fchrer<br \/>\nProkurist<\/strong><\/p>\n<p>Spedition NUSS GmbH (GF)<br \/>\nLogistik Center NUSS GmbH (GF)<\/p>\n<p>[\/vc_icon][\/vc_column_inner][\/vc_row_inner][\/vc_column][\/vc_row][vc_row unlock_row_content=&#8221;yes&#8221; row_height_percent=&#8221;35&#8243; override_padding=&#8221;yes&#8221; h_padding=&#8221;0&#8243; top_padding=&#8221;0&#8243; bottom_padding=&#8221;0&#8243; overlay_color=&#8221;color-prif&#8221; overlay_alpha=&#8221;50&#8243; gutter_size=&#8221;1&#8243; column_width_percent=&#8221;100&#8243; shift_y=&#8221;0&#8243; z_index=&#8221;0&#8243;][vc_column column_width_percent=&#8221;100&#8243; gutter_size=&#8221;3&#8243; expand_height=&#8221;yes&#8221; back_image=&#8221;67603&#8243; back_position=&#8221;center center&#8221; overlay_alpha=&#8221;50&#8243; shift_x=&#8221;0&#8243; shift_y=&#8221;0&#8243; shift_y_down=&#8221;0&#8243; z_index=&#8221;0&#8243; medium_width=&#8221;4&#8243; mobile_width=&#8221;4&#8243; width=&#8221;1\/2&#8243; uncode_shortcode_id=&#8221;959717&#8243;][\/vc_column][vc_column column_width_percent=&#8221;100&#8243; gutter_size=&#8221;3&#8243; expand_height=&#8221;yes&#8221; back_image=&#8221;66828&#8243; overlay_alpha=&#8221;50&#8243; shift_x=&#8221;0&#8243; shift_y=&#8221;0&#8243; shift_y_down=&#8221;0&#8243; z_index=&#8221;0&#8243; medium_width=&#8221;4&#8243; mobile_width=&#8221;4&#8243; width=&#8221;1\/2&#8243;][\/vc_column][\/vc_row][vc_row unlock_row_content=&#8221;yes&#8221; row_height_percent=&#8221;0&#8243; overlay_alpha=&#8221;50&#8243; equal_height=&#8221;yes&#8221; gutter_size=&#8221;0&#8243; column_width_percent=&#8221;100&#8243; shift_y=&#8221;0&#8243; z_index=&#8221;0&#8243; medium_visibility=&#8221;yes&#8221; mobile_visibility=&#8221;yes&#8221; uncode_shortcode_id=&#8221;174749&#8243;][vc_column column_width_percent=&#8221;100&#8243; position_vertical=&#8221;middle&#8221; align_horizontal=&#8221;align_right&#8221; gutter_size=&#8221;3&#8243; override_padding=&#8221;yes&#8221; column_padding=&#8221;3&#8243; overlay_alpha=&#8221;50&#8243; border_color=&#8221;accent&#8221; border_style=&#8221;solid&#8221; shift_x=&#8221;0&#8243; shift_y=&#8221;0&#8243; shift_y_down=&#8221;0&#8243; z_index=&#8221;0&#8243; medium_width=&#8221;0&#8243; mobile_width=&#8221;0&#8243; width=&#8221;1\/2&#8243;][vc_custom_heading heading_semantic=&#8221;h3&#8243; text_size=&#8221;fontsize-155944&#8243; text_transform=&#8221;uppercase&#8221; sub_reduced=&#8221;yes&#8221; el_class=&#8221;call-to-action-intro&#8221;]More information about NUSS and references[\/vc_custom_heading][\/vc_column][vc_column column_width_use_pixel=&#8221;yes&#8221; position_horizontal=&#8221;left&#8221; position_vertical=&#8221;middle&#8221; gutter_size=&#8221;3&#8243; override_padding=&#8221;yes&#8221; column_padding=&#8221;3&#8243; overlay_alpha=&#8221;50&#8243; border_color=&#8221;accent&#8221; border_style=&#8221;solid&#8221; shift_x=&#8221;0&#8243; shift_y=&#8221;0&#8243; shift_y_down=&#8221;0&#8243; z_index=&#8221;0&#8243; medium_width=&#8221;0&#8243; mobile_width=&#8221;0&#8243; width=&#8221;1\/2&#8243; css=&#8221;.vc_custom_1709548864733{border-left-width: 2px !important;}&#8221; uncode_shortcode_id=&#8221;171705&#8243; column_width_pixel=&#8221;500&#8243; border_color_type=&#8221;uncode-palette&#8221;][vc_custom_heading heading_semantic=&#8221;h3&#8243; text_size=&#8221;h3&#8243; sub_reduced=&#8221;yes&#8221;]<strong>In einem pers\u00f6nlichen Gespr\u00e4ch informieren wir Sie gerne ausf\u00fchrlich.<\/strong><br \/>\n<strong>Bitte rufen Sie uns an!<\/strong>[\/vc_custom_heading][vc_button button_color=&#8221;accent&#8221; radius=&#8221;btn-circle&#8221; border_animation=&#8221;btn-ripple-out&#8221; hover_fx=&#8221;outlined&#8221; shadow=&#8221;yes&#8221; border_width=&#8221;0&#8243; display=&#8221;inline&#8221; top_margin=&#8221;yes&#8221; link=&#8221;url:tel%3A%2B49727194860|title:Call%20us%20now%21|&#8221; button_color_type=&#8221;uncode-palette&#8221; uncode_shortcode_id=&#8221;133720&#8243;]+49 7271 \/ 9486 &#8211; 0[\/vc_button][vc_button button_color=&#8221;color-jevc&#8221; radius=&#8221;btn-circle&#8221; border_animation=&#8221;btn-ripple-out&#8221; hover_fx=&#8221;outlined&#8221; shadow=&#8221;yes&#8221; border_width=&#8221;0&#8243; display=&#8221;inline&#8221; top_margin=&#8221;yes&#8221; link=&#8221;url:https%3A%2F%2Fnuss.de%2Fen%2Fcontact%2F|title:Contact%20us%21|&#8221; button_color_type=&#8221;uncode-palette&#8221; uncode_shortcode_id=&#8221;157439&#8243;]Contact[\/vc_button][\/vc_column][\/vc_row][vc_row row_height_percent=&#8221;0&#8243; override_padding=&#8221;yes&#8221; h_padding=&#8221;0&#8243; top_padding=&#8221;0&#8243; bottom_padding=&#8221;0&#8243; overlay_alpha=&#8221;50&#8243; equal_height=&#8221;yes&#8221; gutter_size=&#8221;3&#8243; column_width_percent=&#8221;100&#8243; shift_y=&#8221;0&#8243; z_index=&#8221;0&#8243; desktop_visibility=&#8221;yes&#8221;][vc_column column_width_percent=&#8221;100&#8243; position_vertical=&#8221;middle&#8221; align_horizontal=&#8221;align_center&#8221; gutter_size=&#8221;3&#8243; override_padding=&#8221;yes&#8221; column_padding=&#8221;3&#8243; overlay_alpha=&#8221;50&#8243; border_color=&#8221;accent&#8221; border_style=&#8221;solid&#8221; shift_x=&#8221;0&#8243; shift_y=&#8221;0&#8243; shift_y_down=&#8221;0&#8243; z_index=&#8221;0&#8243; medium_width=&#8221;0&#8243; mobile_width=&#8221;0&#8243; width=&#8221;1\/1&#8243;][vc_custom_heading heading_semantic=&#8221;h3&#8243; text_size=&#8221;fontsize-155944&#8243; text_transform=&#8221;uppercase&#8221; sub_reduced=&#8221;yes&#8221;]More information about NUSS and references[\/vc_custom_heading][vc_custom_heading heading_semantic=&#8221;h3&#8243; text_font=&#8221;font-134980&#8243; text_size=&#8221;h3&#8243; text_weight=&#8221;400&#8243; sub_reduced=&#8221;yes&#8221;]In einem pers\u00f6nlichen Gespr\u00e4ch informieren wir Sie gerne ausf\u00fchrlich.<br \/>\nBitte rufen Sie uns an![\/vc_custom_heading][vc_row_inner][vc_column_inner column_width_percent=&#8221;100&#8243; align_horizontal=&#8221;align_center&#8221; gutter_size=&#8221;3&#8243; overlay_alpha=&#8221;50&#8243; shift_x=&#8221;0&#8243; shift_y=&#8221;0&#8243; shift_y_down=&#8221;0&#8243; z_index=&#8221;0&#8243; medium_width=&#8221;0&#8243; mobile_width=&#8221;0&#8243; width=&#8221;1\/2&#8243;][vc_button button_color=&#8221;accent&#8221; radius=&#8221;btn-circle&#8221; border_animation=&#8221;btn-ripple-out&#8221; hover_fx=&#8221;outlined&#8221; shadow=&#8221;yes&#8221; border_width=&#8221;0&#8243; link=&#8221;url:tel%3A%2B49727194860|title:Call%20us%20now%21|&#8221;]+49 7271 \/ 9486 &#8211; 0[\/vc_button][\/vc_column_inner][vc_column_inner column_width_percent=&#8221;100&#8243; align_horizontal=&#8221;align_center&#8221; gutter_size=&#8221;3&#8243; overlay_alpha=&#8221;50&#8243; shift_x=&#8221;0&#8243; shift_y=&#8221;0&#8243; shift_y_down=&#8221;0&#8243; z_index=&#8221;0&#8243; medium_width=&#8221;0&#8243; mobile_width=&#8221;0&#8243; width=&#8221;1\/2&#8243;][vc_button button_color=&#8221;color-jevc&#8221; radius=&#8221;btn-circle&#8221; border_animation=&#8221;btn-ripple-out&#8221; hover_fx=&#8221;outlined&#8221; shadow=&#8221;yes&#8221; border_width=&#8221;0&#8243; link=&#8221;url:https%3A%2F%2Fnuss.de%2Fen%2Fcontact%2F|title:Contact%20us%21|&#8221;]Contact[\/vc_button][\/vc_column_inner][\/vc_row_inner][\/vc_column][\/vc_row]<\/p>\n<\/div>","protected":false},"excerpt":{"rendered":"<p>[vc_row row_height_percent=&#8221;0&#8243; override_padding=&#8221;yes&#8221; h_padding=&#8221;3&#8243; top_padding=&#8221;2&#8243; bottom_padding=&#8221;4&#8243; overlay_alpha=&#8221;50&#8243; gutter_size=&#8221;3&#8243; column_width_use_pixel=&#8221;yes&#8221; shift_y=&#8221;0&#8243; z_index=&#8221;2&#8243;][vc_column column_width_percent=&#8221;100&#8243; align_horizontal=&#8221;align_center&#8221; gutter_size=&#8221;3&#8243; override_padding=&#8221;yes&#8221; column_padding=&#8221;3&#8243; style=&#8221;dark&#8221; back_color=&#8221;accent&#8221; overlay_alpha=&#8221;50&#8243; shift_x=&#8221;0&#8243; [&hellip;]<\/p>\n","protected":false},"author":1,"featured_media":67241,"parent":0,"menu_order":0,"comment_status":"open","ping_status":"closed","template":"","meta":{"_joinchat":[],"footnotes":""},"class_list":["post-67275","page","type-page","status-publish","has-post-thumbnail","hentry"],"_links":{"self":[{"href":"https:\/\/nuss.de\/en\/wp-json\/wp\/v2\/pages\/67275","targetHints":{"allow":["GET"]}}],"collection":[{"href":"https:\/\/nuss.de\/en\/wp-json\/wp\/v2\/pages"}],"about":[{"href":"https:\/\/nuss.de\/en\/wp-json\/wp\/v2\/types\/page"}],"author":[{"embeddable":true,"href":"https:\/\/nuss.de\/en\/wp-json\/wp\/v2\/users\/1"}],"replies":[{"embeddable":true,"href":"https:\/\/nuss.de\/en\/wp-json\/wp\/v2\/comments?post=67275"}],"version-history":[{"count":21,"href":"https:\/\/nuss.de\/en\/wp-json\/wp\/v2\/pages\/67275\/revisions"}],"predecessor-version":[{"id":67799,"href":"https:\/\/nuss.de\/en\/wp-json\/wp\/v2\/pages\/67275\/revisions\/67799"}],"wp:featuredmedia":[{"embeddable":true,"href":"https:\/\/nuss.de\/en\/wp-json\/wp\/v2\/media\/67241"}],"wp:attachment":[{"href":"https:\/\/nuss.de\/en\/wp-json\/wp\/v2\/media?parent=67275"}],"curies":[{"name":"wp","href":"https:\/\/api.w.org\/{rel}","templated":true}]}}